{"id":2081,"date":"2022-05-27T15:39:27","date_gmt":"2022-05-27T13:39:27","guid":{"rendered":"https:\/\/herza.de\/?page_id=2081"},"modified":"2022-07-14T15:33:04","modified_gmt":"2022-07-14T13:33:04","slug":"404-not-found","status":"publish","type":"page","link":"https:\/\/herza.de\/en\/404-not-found\/","title":{"rendered":"404"},"content":{"rendered":"<div  class=\"tatsu-BJbnBdH0P5 tatsu-section  tatsu-bg-overlay   tatsu-clearfix\" data-title=\"\"  data-headerscheme=\"background--dark\"><div class='tatsu-section-pad clearfix' data-padding='{\"d\":\"90px 0px 90px 0px\"}' data-padding-top='90px'><div class=\"tatsu-row-wrap  tatsu-wrap tatsu-row-one-col tatsu-row-has-one-cols tatsu-medium-gutter tatsu-reg-cols  tatsu-clearfix tatsu-rJx3rdr0v9\" ><div  class=\"tatsu-row \" ><div  class=\"tatsu-column  tatsu-bg-overlay tatsu-one-col tatsu-column-image-none tatsu-column-effect-none  tatsu-HynSuBAP5\"  data-parallax-speed=\"0\" style=\"\"><div class=\"tatsu-column-inner \" ><div class=\"tatsu-column-pad-wrap\"><div class=\"tatsu-column-pad\" ><div  class=\"tatsu-module tatsu-text-block-wrap tatsu-h2n9hbdt2s77ln4x  \"><div class=\"tatsu-text-inner tatsu-align-center  clearfix\" ><style>.tatsu-h2n9hbdt2s77ln4x.tatsu-text-block-wrap .tatsu-text-inner{width: 100%;text-align: center;color: rgba(96,27,28,1) ;}.tatsu-h2n9hbdt2s77ln4x .tatsu-text-inner *{color: rgba(96,27,28,1) ;}.tatsu-h2n9hbdt2s77ln4x.tatsu-text-block-wrap .tatsu-text-inner *{font-family : \"Poppins\",-apple-system,BlinkMacSystemFont,'Segoe UI',Roboto,Oxygen-Sans,Ubuntu,Cantarell,'Helvetica Neue',sans-serif;font-weight : 700;text-transform : uppercase;font-size : 30px;line-height : 46px;}@media only screen and (max-width: 767px) {.tatsu-h2n9hbdt2s77ln4x.tatsu-text-block-wrap{margin: 0px 0px 0px 0px;}}<\/style>\n<p style=\"text-align: center;\">Page not found!<\/p>\n<\/div><\/div><div  class=\"tatsu-single-image tatsu-module align-center tatsu-image-lazyload tatsu-ryCZsH0wq  \" ><div class=\"tatsu-single-image-inner \" style=\"width : 500px;\" ><div class = \"tatsu-single-image-padding-wrap\" style = \"padding-bottom : 40%;\" ><\/div><img class = \"tatsu-gradient-border\" alt = \"404 Fehlermeldung\" title = \"404-fehler\" data-src = \"https:\/\/herza.de\/wp-content\/uploads\/2022\/05\/404.jpg\" src =\"data:image\/png;base64,iVBORw0KGgoAAAANSUhEUgAAAAEAAAABCAQAAAC1HAwCAAAAC0lEQVR42mNkYAAAAAYAAjCB0C8AAAAASUVORK5CYII=\"  \/><\/div><style>.tatsu-ryCZsH0wq .tatsu-single-image-inner{border-style: solid;max-width: 100%;}.tatsu-ryCZsH0wq.tatsu-single-image{transform: translate3d(0px,0px, 0);}<\/style><\/div><\/div><\/div><div class = \"tatsu-column-bg-image-wrap\"><div class = \"tatsu-column-bg-image tatsu-bg-lazyload\" data-src = \"\"><\/div><\/div><div class=\"tatsu-overlay tatsu-column-overlay tatsu-animate-none\" ><\/div><\/div><style>.tatsu-row > .tatsu-HynSuBAP5.tatsu-column{width: 100%;}.tatsu-HynSuBAP5.tatsu-column > .tatsu-column-inner > .tatsu-column-overlay{mix-blend-mode: normal;}.tatsu-HynSuBAP5 > .tatsu-column-inner > .tatsu-top-divider{z-index: 9999;}.tatsu-HynSuBAP5 > .tatsu-column-inner > .tatsu-bottom-divider{z-index: 9999;}.tatsu-HynSuBAP5 > .tatsu-column-inner > .tatsu-left-divider{z-index: 9999;}.tatsu-HynSuBAP5 > .tatsu-column-inner > .tatsu-right-divider{z-index: 9999;}@media only screen and (max-width:1377px) {.tatsu-row > .tatsu-HynSuBAP5.tatsu-column{width: 100%;}}@media only screen and (min-width:768px) and (max-width: 1024px) {.tatsu-row > .tatsu-HynSuBAP5.tatsu-column{width: 100%;}}@media only screen and (max-width: 767px) {.tatsu-row > .tatsu-HynSuBAP5.tatsu-column{width: 100%;}}<\/style><\/div><\/div><\/div><\/div><div class=\"tatsu-section-background-wrap\"><div class = \"tatsu-section-background tatsu-bg-lazyload\" data-src = \"\"><\/div><\/div><div class=\"tatsu-overlay tatsu-section-overlay\"><\/div><style>.tatsu-BJbnBdH0P5 .tatsu-section-pad{padding: 90px 0px 90px 0px;}.tatsu-BJbnBdH0P5 .tatsu-section-offset-wrap{transform: translateY(-0px);}.tatsu-BJbnBdH0P5 > .tatsu-bottom-divider{z-index: 9999;}.tatsu-BJbnBdH0P5 > .tatsu-top-divider{z-index: 9999;}.tatsu-BJbnBdH0P5 .tatsu-section-overlay{mix-blend-mode: normal;}<\/style><\/div><div  class=\"tatsu-H1WQy2SAD9 tatsu-section  tatsu-bg-overlay   tatsu-clearfix\" data-title=\"\"  data-headerscheme=\"background--dark\"><div class='tatsu-section-pad clearfix' data-padding='{\"d\":\"0px 0px 90px 0px\"}' data-padding-top='0px'><div class=\"tatsu-row-wrap  tatsu-wrap tatsu-row-one-col tatsu-row-has-one-cols tatsu-medium-gutter tatsu-reg-cols  tatsu-clearfix tatsu-rkemk3SRwq\" ><div  class=\"tatsu-row \" ><div  class=\"tatsu-column  tatsu-bg-overlay tatsu-one-col tatsu-column-image-none tatsu-column-effect-none  tatsu-ryXynBRDq\"  data-parallax-speed=\"0\" style=\"\"><div class=\"tatsu-column-inner \" ><div class=\"tatsu-column-pad-wrap\"><div class=\"tatsu-column-pad\" ><div  class=\"tatsu-module tatsu-text-block-wrap tatsu-ryI1nB0Dq  \"><div class=\"tatsu-text-inner tatsu-align-center  clearfix\" ><style>.tatsu-ryI1nB0Dq.tatsu-text-block-wrap .tatsu-text-inner{width: 100%;text-align: left;}<\/style>\n<p style=\"text-align: center;\">This URL doesn&#8217;t exist. Either you clicked on a wrong or outdated link or we moved or deleted the page.&nbsp;<a title=\"Skyfillers - Contact\" href=\"https:\/\/herza.de\/en\/contact\/\">Please tell us<\/a>&nbsp;where you found this link so we can amend it.<\/p>\n<p style=\"text-align: center;\">In the meantime our search above or one of the following links might help.<\/p>\n<\/div><\/div><\/div><\/div><div class = \"tatsu-column-bg-image-wrap\"><div class = \"tatsu-column-bg-image tatsu-bg-lazyload\" data-src = \"\"><\/div><\/div><div class=\"tatsu-overlay tatsu-column-overlay tatsu-animate-none\" ><\/div><\/div><style>.tatsu-row > .tatsu-ryXynBRDq.tatsu-column{width: 100%;}.tatsu-ryXynBRDq.tatsu-column > .tatsu-column-inner > .tatsu-column-overlay{mix-blend-mode: normal;}.tatsu-ryXynBRDq > .tatsu-column-inner > .tatsu-top-divider{z-index: 9999;}.tatsu-ryXynBRDq > .tatsu-column-inner > .tatsu-bottom-divider{z-index: 9999;}.tatsu-ryXynBRDq > .tatsu-column-inner > .tatsu-left-divider{z-index: 9999;}.tatsu-ryXynBRDq > .tatsu-column-inner > .tatsu-right-divider{z-index: 9999;}@media only screen and (max-width:1377px) {.tatsu-row > .tatsu-ryXynBRDq.tatsu-column{width: 100%;}}@media only screen and (min-width:768px) and (max-width: 1024px) {.tatsu-row > .tatsu-ryXynBRDq.tatsu-column{width: 100%;}}@media only screen and (max-width: 767px) {.tatsu-row > .tatsu-ryXynBRDq.tatsu-column{width: 100%;}}<\/style><\/div><\/div><\/div><\/div><div class=\"tatsu-section-background-wrap\"><div class = \"tatsu-section-background tatsu-bg-lazyload\" data-src = \"\"><\/div><\/div><div class=\"tatsu-overlay tatsu-section-overlay\"><\/div><style>.tatsu-H1WQy2SAD9 .tatsu-section-pad{padding: 0px 0px 90px 0px;}.tatsu-H1WQy2SAD9 .tatsu-section-offset-wrap{transform: translateY(-0px);}.tatsu-H1WQy2SAD9 > .tatsu-bottom-divider{z-index: 9999;}.tatsu-H1WQy2SAD9 > .tatsu-top-divider{z-index: 9999;}.tatsu-H1WQy2SAD9 .tatsu-section-overlay{mix-blend-mode: normal;}<\/style><\/div><div  class=\"tatsu-h3g5gs2sxupgo0s tatsu-section  tatsu-bg-overlay tatsu-prevent-overflow   tatsu-clearfix\" data-title=\"\"  data-headerscheme=\"background--dark\"><div class='tatsu-section-pad clearfix' data-padding='{\"d\":\"0px 0px 90px 0px\"}' data-padding-top='0px'><div class=\"tatsu-row-wrap  tatsu-wrap tatsu-row-has-three-cols tatsu-medium-gutter tatsu-reg-cols  tatsu-clearfix tatsu-h3g5gs2t1x446v2v\" ><div  class=\"tatsu-row \" ><div  class=\"tatsu-column  tatsu-bg-overlay tatsu-one-third tatsu-column-image-none tatsu-column-effect-scale tatsu-prevent-overflow  tatsu-h3g5gs2t6e7aimtr\"  data-parallax-speed=\"0\" style=\"\"><div class=\"tatsu-column-inner \" ><div class=\"tatsu-column-pad-wrap\"><div class=\"tatsu-column-pad\" ><div  class=\"tatsu-single-image tatsu-module tatsu-image-lazyload tatsu-h3g5gs2tly3s8iw5  \" ><div class=\"tatsu-single-image-inner \" style=\"width : 350px;\" ><div class = \"tatsu-single-image-padding-wrap\" style = \"padding-bottom : 62.857142857143%;\" ><\/div><img class = \"tatsu-gradient-border\" alt = \"HERZA Vertriebsleiter und Produktentwicklerin im Gespr\u00e4ch\" title = \"teaser-ueber-uns\" data-src = \"https:\/\/herza.de\/wp-content\/uploads\/2022\/06\/teaser-ueber-uns.jpg\" src =\"data:image\/png;base64,iVBORw0KGgoAAAANSUhEUgAAAAEAAAABCAQAAAC1HAwCAAAAC0lEQVR42mNkYAAAAAYAAjCB0C8AAAAASUVORK5CYII=\"  \/><\/div><style>.tatsu-h3g5gs2tly3s8iw5{margin: 0px 0px 40px 0px;}.tatsu-h3g5gs2tly3s8iw5 .tatsu-single-image-inner{border-style: solid;max-width: 100%;}.tatsu-h3g5gs2tly3s8iw5.tatsu-single-image{transform: translate3d(0px,0px, 0);}<\/style><\/div><div  class=\"tatsu-module tatsu-text-block-wrap tatsu-h3g5gs2tnra32pug  \"><div class=\"tatsu-text-inner tatsu-align-center  clearfix\" ><style>.tatsu-h3g5gs2tnra32pug.tatsu-text-block-wrap .tatsu-text-inner{width: 100%;text-align: center;color: rgba(96,27,28,1) ;}.tatsu-h3g5gs2tnra32pug.tatsu-text-block-wrap{margin: 0px 0px 10px 0px;}.tatsu-h3g5gs2tnra32pug .tatsu-text-inner *{color: rgba(96,27,28,1) ;}.tatsu-h3g5gs2tnra32pug.tatsu-text-block-wrap .tatsu-text-inner *{font-family : \"Poppins\",-apple-system,BlinkMacSystemFont,'Segoe UI',Roboto,Oxygen-Sans,Ubuntu,Cantarell,'Helvetica Neue',sans-serif;font-weight : 700;text-transform : uppercase;font-size : 21px;line-height : 18px;}@media only screen and (max-width: 767px) {.tatsu-h3g5gs2tnra32pug.tatsu-text-block-wrap .tatsu-text-inner *{font-family : \"Poppins\",-apple-system,BlinkMacSystemFont,'Segoe UI',Roboto,Oxygen-Sans,Ubuntu,Cantarell,'Helvetica Neue',sans-serif;font-weight : 700;text-transform : uppercase;font-size : 16px;line-height : 18px;}}<\/style>\n<p style=\"text-align: left;\"><strong>About us<\/strong><\/p>\n<\/div><\/div><div  class=\"tatsu-module tatsu-text-block-wrap tatsu-h3g5gs2tq2bn18w5  \"><div class=\"tatsu-text-inner tatsu-align-center  clearfix\" ><style>.tatsu-h3g5gs2tq2bn18w5.tatsu-text-block-wrap .tatsu-text-inner{width: 100%;text-align: left;}<\/style>\n<p data-pm-slice=\"1 1 &#091;&#093;\">What defines us and our work.<\/p>\n<\/div><\/div><\/div><\/div><div class = \"tatsu-column-bg-image-wrap\"><div class = \"tatsu-column-bg-image tatsu-bg-lazyload\" data-src = \"\"><\/div><\/div><div class=\"tatsu-overlay tatsu-column-overlay tatsu-animate-none\" ><\/div><a href=\"https:\/\/herza.de\/en\/about-us\/\" class=\"tatsu-col-overlay-link\"><\/a><\/div><style>.tatsu-row > .tatsu-h3g5gs2t6e7aimtr.tatsu-column{width: 33.33%;}.tatsu-h3g5gs2t6e7aimtr.tatsu-column > .tatsu-column-inner > .tatsu-column-overlay{mix-blend-mode: normal;}.tatsu-h3g5gs2t6e7aimtr > .tatsu-column-inner > .tatsu-top-divider{z-index: 9999;}.tatsu-h3g5gs2t6e7aimtr > .tatsu-column-inner > .tatsu-bottom-divider{z-index: 9999;}.tatsu-h3g5gs2t6e7aimtr > .tatsu-column-inner > .tatsu-left-divider{z-index: 9999;}.tatsu-h3g5gs2t6e7aimtr > .tatsu-column-inner > .tatsu-right-divider{z-index: 9999;}@media only screen and (max-width:1377px) {.tatsu-row > .tatsu-h3g5gs2t6e7aimtr.tatsu-column{width: 33.33%;}}@media only screen and (min-width:768px) and (max-width: 1024px) {.tatsu-row > .tatsu-h3g5gs2t6e7aimtr.tatsu-column{width: 33.33%;}}@media only screen and (max-width: 767px) {.tatsu-row > .tatsu-h3g5gs2t6e7aimtr.tatsu-column{width: 100%;}}<\/style><\/div><div  class=\"tatsu-column  tatsu-bg-overlay tatsu-one-third tatsu-column-image-none tatsu-column-effect-scale tatsu-prevent-overflow  tatsu-h3g5gs2tsi7jebxs\"  data-parallax-speed=\"0\" style=\"\"><div class=\"tatsu-column-inner \" ><div class=\"tatsu-column-pad-wrap\"><div class=\"tatsu-column-pad\" ><div  class=\"tatsu-single-image tatsu-module tatsu-image-lazyload tatsu-h3g5gs2u5og9ugcy  \" ><div class=\"tatsu-single-image-inner \" style=\"width : 350px;\" ><div class = \"tatsu-single-image-padding-wrap\" style = \"padding-bottom : 62.857142857143%;\" ><\/div><img class = \"tatsu-gradient-border\" alt = \"Drei Kugeln Eis in einer Sch\u00fcssel mit Bl\u00e4ttern aus Vollmilchschokolade und Splittern aus wei\u00dfer Schokolade.\" title = \"teaser-produkte\" data-src = \"https:\/\/herza.de\/wp-content\/uploads\/2022\/06\/teaser-produkte.jpg\" src =\"data:image\/png;base64,iVBORw0KGgoAAAANSUhEUgAAAAEAAAABCAQAAAC1HAwCAAAAC0lEQVR42mNkYAAAAAYAAjCB0C8AAAAASUVORK5CYII=\"  \/><\/div><style>.tatsu-h3g5gs2u5og9ugcy{margin: 0px 0px 40px 0px;}.tatsu-h3g5gs2u5og9ugcy .tatsu-single-image-inner{border-style: solid;max-width: 100%;}.tatsu-h3g5gs2u5og9ugcy.tatsu-single-image{transform: translate3d(0px,0px, 0);}<\/style><\/div><div  class=\"tatsu-module tatsu-text-block-wrap tatsu-h3g5gs2u6v610vml  \"><div class=\"tatsu-text-inner tatsu-align-center  clearfix\" ><style>.tatsu-h3g5gs2u6v610vml.tatsu-text-block-wrap .tatsu-text-inner{width: 100%;text-align: center;color: rgba(96,27,28,1) ;}.tatsu-h3g5gs2u6v610vml.tatsu-text-block-wrap{margin: 0px 0px 10px 0px;}.tatsu-h3g5gs2u6v610vml .tatsu-text-inner *{color: rgba(96,27,28,1) ;}.tatsu-h3g5gs2u6v610vml.tatsu-text-block-wrap .tatsu-text-inner *{font-family : \"Poppins\",-apple-system,BlinkMacSystemFont,'Segoe UI',Roboto,Oxygen-Sans,Ubuntu,Cantarell,'Helvetica Neue',sans-serif;font-weight : 700;text-transform : uppercase;font-size : 21px;line-height : 18px;}@media only screen and (max-width: 767px) {.tatsu-h3g5gs2u6v610vml.tatsu-text-block-wrap .tatsu-text-inner *{font-family : \"Poppins\",-apple-system,BlinkMacSystemFont,'Segoe UI',Roboto,Oxygen-Sans,Ubuntu,Cantarell,'Helvetica Neue',sans-serif;font-weight : 700;text-transform : uppercase;font-size : 16px;line-height : 18px;}}<\/style>\n<p style=\"text-align: left;\"><strong>Products<\/strong><\/p>\n<\/div><\/div><div  class=\"tatsu-module tatsu-text-block-wrap tatsu-h3g5gs2u8gdlem2o  \"><div class=\"tatsu-text-inner tatsu-align-center  clearfix\" ><style>.tatsu-h3g5gs2u8gdlem2o.tatsu-text-block-wrap .tatsu-text-inner{width: 100%;text-align: left;}<\/style>\n<p data-pm-slice=\"1 1 &#091;&#093;\">Our chocolate creations at a glance.<\/p>\n<\/div><\/div><\/div><\/div><div class = \"tatsu-column-bg-image-wrap\"><div class = \"tatsu-column-bg-image tatsu-bg-lazyload\" data-src = \"\"><\/div><\/div><div class=\"tatsu-overlay tatsu-column-overlay tatsu-animate-none\" ><\/div><a href=\"https:\/\/herza.de\/en\/products\/\" class=\"tatsu-col-overlay-link\"><\/a><\/div><style>.tatsu-row > .tatsu-h3g5gs2tsi7jebxs.tatsu-column{width: 33.33%;}.tatsu-h3g5gs2tsi7jebxs.tatsu-column > .tatsu-column-inner > .tatsu-column-overlay{mix-blend-mode: normal;}.tatsu-h3g5gs2tsi7jebxs > .tatsu-column-inner > .tatsu-top-divider{z-index: 9999;}.tatsu-h3g5gs2tsi7jebxs > .tatsu-column-inner > .tatsu-bottom-divider{z-index: 9999;}.tatsu-h3g5gs2tsi7jebxs > .tatsu-column-inner > .tatsu-left-divider{z-index: 9999;}.tatsu-h3g5gs2tsi7jebxs > .tatsu-column-inner > .tatsu-right-divider{z-index: 9999;}@media only screen and (max-width:1377px) {.tatsu-row > .tatsu-h3g5gs2tsi7jebxs.tatsu-column{width: 33.33%;}}@media only screen and (min-width:768px) and (max-width: 1024px) {.tatsu-row > .tatsu-h3g5gs2tsi7jebxs.tatsu-column{width: 33.33%;}}@media only screen and (max-width: 767px) {.tatsu-row > .tatsu-h3g5gs2tsi7jebxs.tatsu-column{width: 100%;}}<\/style><\/div><div  class=\"tatsu-column  tatsu-bg-overlay tatsu-one-third tatsu-column-image-none tatsu-column-effect-scale tatsu-prevent-overflow  tatsu-h3g5gs2uav92bdw9\"  data-parallax-speed=\"0\" style=\"\"><div class=\"tatsu-column-inner \" ><div class=\"tatsu-column-pad-wrap\"><div class=\"tatsu-column-pad\" ><div  class=\"tatsu-single-image tatsu-module tatsu-image-lazyload tatsu-h3g5gs2uns6omvwc  \" ><div class=\"tatsu-single-image-inner \" style=\"width : 350px;\" ><div class = \"tatsu-single-image-padding-wrap\" style = \"padding-bottom : 62.857142857143%;\" ><\/div><img class = \"tatsu-gradient-border\" alt = \"Kakaobauer mit Hut bei der Ernte einer Kakaofrucht\" title = \"teaser-verantwortung\" data-src = \"https:\/\/herza.de\/wp-content\/uploads\/2022\/06\/teaser-verantwortung.jpg\" src =\"data:image\/png;base64,iVBORw0KGgoAAAANSUhEUgAAAAEAAAABCAQAAAC1HAwCAAAAC0lEQVR42mNkYAAAAAYAAjCB0C8AAAAASUVORK5CYII=\"  \/><\/div><style>.tatsu-h3g5gs2uns6omvwc{margin: 0px 0px 40px 0px;}.tatsu-h3g5gs2uns6omvwc .tatsu-single-image-inner{border-style: solid;max-width: 100%;}.tatsu-h3g5gs2uns6omvwc.tatsu-single-image{transform: translate3d(0px,0px, 0);}<\/style><\/div><div  class=\"tatsu-module tatsu-text-block-wrap tatsu-h3g5gs2uoz166i2s  \"><div class=\"tatsu-text-inner tatsu-align-center  clearfix\" ><style>.tatsu-h3g5gs2uoz166i2s.tatsu-text-block-wrap .tatsu-text-inner{width: 100%;text-align: center;color: rgba(96,27,28,1) ;}.tatsu-h3g5gs2uoz166i2s.tatsu-text-block-wrap{margin: 0px 0px 10px 0px;}.tatsu-h3g5gs2uoz166i2s .tatsu-text-inner *{color: rgba(96,27,28,1) ;}.tatsu-h3g5gs2uoz166i2s.tatsu-text-block-wrap .tatsu-text-inner *{font-family : \"Poppins\",-apple-system,BlinkMacSystemFont,'Segoe UI',Roboto,Oxygen-Sans,Ubuntu,Cantarell,'Helvetica Neue',sans-serif;font-weight : 700;text-transform : uppercase;font-size : 21px;line-height : 18px;}@media only screen and (max-width: 767px) {.tatsu-h3g5gs2uoz166i2s.tatsu-text-block-wrap .tatsu-text-inner *{font-family : \"Poppins\",-apple-system,BlinkMacSystemFont,'Segoe UI',Roboto,Oxygen-Sans,Ubuntu,Cantarell,'Helvetica Neue',sans-serif;font-weight : 700;text-transform : uppercase;font-size : 16px;line-height : 18px;}}<\/style>\n<p style=\"text-align: left;\"><strong>Responsibility<\/strong><\/p>\n<\/div><\/div><div  class=\"tatsu-module tatsu-text-block-wrap tatsu-h3g5gs2uqjd2gkff  \"><div class=\"tatsu-text-inner tatsu-align-center  clearfix\" ><style>.tatsu-h3g5gs2uqjd2gkff.tatsu-text-block-wrap .tatsu-text-inner{width: 100%;text-align: left;}<\/style>\n<p data-pm-slice=\"1 1 &#091;&#093;\">Our contribution to a sustainable world.<\/p>\n<\/div><\/div><\/div><\/div><div class = \"tatsu-column-bg-image-wrap\"><div class = \"tatsu-column-bg-image tatsu-bg-lazyload\" data-src = \"\"><\/div><\/div><div class=\"tatsu-overlay tatsu-column-overlay tatsu-animate-none\" ><\/div><a href=\"https:\/\/herza.de\/en\/responsibility\/\" class=\"tatsu-col-overlay-link\"><\/a><\/div><style>.tatsu-row > .tatsu-h3g5gs2uav92bdw9.tatsu-column{width: 33.33%;}.tatsu-h3g5gs2uav92bdw9.tatsu-column{margin: 0 0 0 0px !important;}.tatsu-h3g5gs2uav92bdw9.tatsu-column > .tatsu-column-inner > .tatsu-column-overlay{mix-blend-mode: normal;}.tatsu-h3g5gs2uav92bdw9 > .tatsu-column-inner > .tatsu-top-divider{z-index: 9999;}.tatsu-h3g5gs2uav92bdw9 > .tatsu-column-inner > .tatsu-bottom-divider{z-index: 9999;}.tatsu-h3g5gs2uav92bdw9 > .tatsu-column-inner > .tatsu-left-divider{z-index: 9999;}.tatsu-h3g5gs2uav92bdw9 > .tatsu-column-inner > .tatsu-right-divider{z-index: 9999;}@media only screen and (max-width:1377px) {.tatsu-row > .tatsu-h3g5gs2uav92bdw9.tatsu-column{width: 33.33%;}}@media only screen and (min-width:768px) and (max-width: 1024px) {.tatsu-row > .tatsu-h3g5gs2uav92bdw9.tatsu-column{width: 33.33%;}}@media only screen and (max-width: 767px) {.tatsu-row > .tatsu-h3g5gs2uav92bdw9.tatsu-column{width: 100%;}}<\/style><\/div><\/div><\/div><\/div><div class=\"tatsu-section-background-wrap\"><div class = \"tatsu-section-background tatsu-bg-lazyload\" data-src = \"\"><\/div><\/div><div class=\"tatsu-overlay tatsu-section-overlay\"><\/div><style>.tatsu-h3g5gs2sxupgo0s .tatsu-section-pad{padding: 0px 0px 90px 0px;}.tatsu-h3g5gs2sxupgo0s .tatsu-section-offset-wrap{transform: translateY(-0px);}.tatsu-h3g5gs2sxupgo0s > .tatsu-bottom-divider{z-index: 9999;}.tatsu-h3g5gs2sxupgo0s > .tatsu-top-divider{z-index: 9999;}.tatsu-h3g5gs2sxupgo0s .tatsu-section-overlay{mix-blend-mode: normal;}<\/style><\/div>\n","protected":false},"excerpt":{"rendered":"<div><a href=\"https:\/\/herza.de\/en\/404-not-found\/\" class=\"exp-read-more exp-read-more-underlined\">Read More<\/a><\/div>\n","protected":false},"author":5,"featured_media":0,"parent":0,"menu_order":0,"comment_status":"closed","ping_status":"closed","template":"","meta":{"footnotes":""},"categories":[30],"tags":[],"class_list":["post-2081","page","type-page","status-publish","hentry","category-ausschliessen-in-der-internen-suche-en"],"yoast_head":"<!-- This site is optimized with the Yoast SEO plugin v27.3 - https:\/\/yoast.com\/product\/yoast-seo-wordpress\/ -->\n<title>404 - HERZA<\/title>\n<meta name=\"robots\" content=\"noindex, follow\" \/>\n<meta property=\"og:locale\" content=\"en_US\" \/>\n<meta property=\"og:type\" content=\"article\" \/>\n<meta property=\"og:title\" content=\"404 - HERZA\" \/>\n<meta property=\"og:description\" content=\"Read More\" \/>\n<meta property=\"og:url\" content=\"https:\/\/herza.de\/en\/404-not-found\/\" \/>\n<meta property=\"og:site_name\" content=\"HERZA\" \/>\n<meta property=\"article:publisher\" content=\"https:\/\/www.facebook.com\/HerzaChocolate\/\" \/>\n<meta property=\"article:modified_time\" content=\"2022-07-14T13:33:04+00:00\" \/>\n<meta property=\"og:image\" content=\"https:\/\/herza.de\/wp-content\/uploads\/2021\/05\/herza-logo-1.png\" \/>\n\t<meta property=\"og:image:width\" content=\"400\" \/>\n\t<meta property=\"og:image:height\" content=\"400\" \/>\n\t<meta property=\"og:image:type\" content=\"image\/png\" \/>\n<meta name=\"twitter:card\" content=\"summary_large_image\" \/>\n<meta name=\"twitter:label1\" content=\"Est. reading time\" \/>\n\t<meta name=\"twitter:data1\" content=\"11 minutes\" \/>\n<script type=\"application\/ld+json\" class=\"yoast-schema-graph\">{\"@context\":\"https:\\\/\\\/schema.org\",\"@graph\":[{\"@type\":\"WebPage\",\"@id\":\"https:\\\/\\\/herza.de\\\/en\\\/404-not-found\\\/\",\"url\":\"https:\\\/\\\/herza.de\\\/en\\\/404-not-found\\\/\",\"name\":\"404 - HERZA\",\"isPartOf\":{\"@id\":\"https:\\\/\\\/herza.de\\\/en\\\/#website\"},\"datePublished\":\"2022-05-27T13:39:27+00:00\",\"dateModified\":\"2022-07-14T13:33:04+00:00\",\"breadcrumb\":{\"@id\":\"https:\\\/\\\/herza.de\\\/en\\\/404-not-found\\\/#breadcrumb\"},\"inLanguage\":\"en-US\",\"potentialAction\":[{\"@type\":\"ReadAction\",\"target\":[\"https:\\\/\\\/herza.de\\\/en\\\/404-not-found\\\/\"]}]},{\"@type\":\"BreadcrumbList\",\"@id\":\"https:\\\/\\\/herza.de\\\/en\\\/404-not-found\\\/#breadcrumb\",\"itemListElement\":[{\"@type\":\"ListItem\",\"position\":1,\"name\":\"Home\",\"item\":\"https:\\\/\\\/herza.de\\\/en\\\/\"},{\"@type\":\"ListItem\",\"position\":2,\"name\":\"404\"}]},{\"@type\":\"WebSite\",\"@id\":\"https:\\\/\\\/herza.de\\\/en\\\/#website\",\"url\":\"https:\\\/\\\/herza.de\\\/en\\\/\",\"name\":\"HERZA\",\"description\":\"\",\"publisher\":{\"@id\":\"https:\\\/\\\/herza.de\\\/en\\\/#organization\"},\"potentialAction\":[{\"@type\":\"SearchAction\",\"target\":{\"@type\":\"EntryPoint\",\"urlTemplate\":\"https:\\\/\\\/herza.de\\\/en\\\/?s={search_term_string}\"},\"query-input\":{\"@type\":\"PropertyValueSpecification\",\"valueRequired\":true,\"valueName\":\"search_term_string\"}}],\"inLanguage\":\"en-US\"},{\"@type\":\"Organization\",\"@id\":\"https:\\\/\\\/herza.de\\\/en\\\/#organization\",\"name\":\"HERZA Schokolade GmbH & Co. KG\",\"url\":\"https:\\\/\\\/herza.de\\\/en\\\/\",\"logo\":{\"@type\":\"ImageObject\",\"inLanguage\":\"en-US\",\"@id\":\"https:\\\/\\\/herza.de\\\/en\\\/#\\\/schema\\\/logo\\\/image\\\/\",\"url\":\"https:\\\/\\\/herza.de\\\/wp-content\\\/uploads\\\/2021\\\/03\\\/herza-logo.png\",\"contentUrl\":\"https:\\\/\\\/herza.de\\\/wp-content\\\/uploads\\\/2021\\\/03\\\/herza-logo.png\",\"width\":377,\"height\":147,\"caption\":\"HERZA Schokolade GmbH & Co. KG\"},\"image\":{\"@id\":\"https:\\\/\\\/herza.de\\\/en\\\/#\\\/schema\\\/logo\\\/image\\\/\"},\"sameAs\":[\"https:\\\/\\\/www.facebook.com\\\/HerzaChocolate\\\/\",\"https:\\\/\\\/de.linkedin.com\\\/company\\\/herza-schokolade-gmbh-&amp;-co-kg\"]}]}<\/script>\n<!-- \/ Yoast SEO plugin. -->","yoast_head_json":{"title":"404 - HERZA","robots":{"index":"noindex","follow":"follow"},"og_locale":"en_US","og_type":"article","og_title":"404 - HERZA","og_description":"Read More","og_url":"https:\/\/herza.de\/en\/404-not-found\/","og_site_name":"HERZA","article_publisher":"https:\/\/www.facebook.com\/HerzaChocolate\/","article_modified_time":"2022-07-14T13:33:04+00:00","og_image":[{"width":400,"height":400,"url":"https:\/\/herza.de\/wp-content\/uploads\/2021\/05\/herza-logo-1.png","type":"image\/png"}],"twitter_card":"summary_large_image","twitter_misc":{"Est. reading time":"11 minutes"},"schema":{"@context":"https:\/\/schema.org","@graph":[{"@type":"WebPage","@id":"https:\/\/herza.de\/en\/404-not-found\/","url":"https:\/\/herza.de\/en\/404-not-found\/","name":"404 - HERZA","isPartOf":{"@id":"https:\/\/herza.de\/en\/#website"},"datePublished":"2022-05-27T13:39:27+00:00","dateModified":"2022-07-14T13:33:04+00:00","breadcrumb":{"@id":"https:\/\/herza.de\/en\/404-not-found\/#breadcrumb"},"inLanguage":"en-US","potentialAction":[{"@type":"ReadAction","target":["https:\/\/herza.de\/en\/404-not-found\/"]}]},{"@type":"BreadcrumbList","@id":"https:\/\/herza.de\/en\/404-not-found\/#breadcrumb","itemListElement":[{"@type":"ListItem","position":1,"name":"Home","item":"https:\/\/herza.de\/en\/"},{"@type":"ListItem","position":2,"name":"404"}]},{"@type":"WebSite","@id":"https:\/\/herza.de\/en\/#website","url":"https:\/\/herza.de\/en\/","name":"HERZA","description":"","publisher":{"@id":"https:\/\/herza.de\/en\/#organization"},"potentialAction":[{"@type":"SearchAction","target":{"@type":"EntryPoint","urlTemplate":"https:\/\/herza.de\/en\/?s={search_term_string}"},"query-input":{"@type":"PropertyValueSpecification","valueRequired":true,"valueName":"search_term_string"}}],"inLanguage":"en-US"},{"@type":"Organization","@id":"https:\/\/herza.de\/en\/#organization","name":"HERZA Schokolade GmbH & Co. KG","url":"https:\/\/herza.de\/en\/","logo":{"@type":"ImageObject","inLanguage":"en-US","@id":"https:\/\/herza.de\/en\/#\/schema\/logo\/image\/","url":"https:\/\/herza.de\/wp-content\/uploads\/2021\/03\/herza-logo.png","contentUrl":"https:\/\/herza.de\/wp-content\/uploads\/2021\/03\/herza-logo.png","width":377,"height":147,"caption":"HERZA Schokolade GmbH & Co. KG"},"image":{"@id":"https:\/\/herza.de\/en\/#\/schema\/logo\/image\/"},"sameAs":["https:\/\/www.facebook.com\/HerzaChocolate\/","https:\/\/de.linkedin.com\/company\/herza-schokolade-gmbh-&amp;-co-kg"]}]}},"_links":{"self":[{"href":"https:\/\/herza.de\/en\/wp-json\/wp\/v2\/pages\/2081","targetHints":{"allow":["GET"]}}],"collection":[{"href":"https:\/\/herza.de\/en\/wp-json\/wp\/v2\/pages"}],"about":[{"href":"https:\/\/herza.de\/en\/wp-json\/wp\/v2\/types\/page"}],"author":[{"embeddable":true,"href":"https:\/\/herza.de\/en\/wp-json\/wp\/v2\/users\/5"}],"replies":[{"embeddable":true,"href":"https:\/\/herza.de\/en\/wp-json\/wp\/v2\/comments?post=2081"}],"version-history":[{"count":10,"href":"https:\/\/herza.de\/en\/wp-json\/wp\/v2\/pages\/2081\/revisions"}],"predecessor-version":[{"id":2191,"href":"https:\/\/herza.de\/en\/wp-json\/wp\/v2\/pages\/2081\/revisions\/2191"}],"wp:attachment":[{"href":"https:\/\/herza.de\/en\/wp-json\/wp\/v2\/media?parent=2081"}],"wp:term":[{"taxonomy":"category","embeddable":true,"href":"https:\/\/herza.de\/en\/wp-json\/wp\/v2\/categories?post=2081"},{"taxonomy":"post_tag","embeddable":true,"href":"https:\/\/herza.de\/en\/wp-json\/wp\/v2\/tags?post=2081"}],"curies":[{"name":"wp","href":"https:\/\/api.w.org\/{rel}","templated":true}]}}